{"id":1026,"date":"2025-05-28T08:06:24","date_gmt":"2025-05-28T06:06:24","guid":{"rendered":"https:\/\/mietrecht-eigenbedarfsk\u00fcndigung.de\/?page_id=1026"},"modified":"2025-09-16T10:09:20","modified_gmt":"2025-09-16T08:09:20","slug":"aktuelles","status":"publish","type":"page","link":"https:\/\/mietrecht-eigenbedarfsk\u00fcndigung.de\/?page_id=1026","title":{"rendered":"\ud83d\udd25 Aktuelles"},"content":{"rendered":"\n<figure class=\"wp-block-image alignleft size-full is-resized\"><img loading=\"lazy\" decoding=\"async\" width=\"336\" height=\"336\" src=\"https:\/\/mietrecht-eigenbedarfsk\u00fcndigung.de\/wp-content\/uploads\/2025\/06\/News-web.png\" alt=\"\" class=\"wp-image-2307\" style=\"width:321px;height:auto\" srcset=\"https:\/\/mietrecht-eigenbedarfsk\u00fcndigung.de\/wp-content\/uploads\/2025\/06\/News-web.png 336w, https:\/\/mietrecht-eigenbedarfsk\u00fcndigung.de\/wp-content\/uploads\/2025\/06\/News-web-300x300.png 300w, https:\/\/mietrecht-eigenbedarfsk\u00fcndigung.de\/wp-content\/uploads\/2025\/06\/News-web-150x150.png 150w\" sizes=\"auto, (max-width: 336px) 100vw, 336px\" \/><\/figure>\n\n\n\n<p>\ud83d\udd25 <strong>12.07.2025<\/strong> &#8211; der <a href=\"https:\/\/mietrecht-eigenbedarfsk\u00fcndigung.de\/wp-content\/uploads\/2025\/07\/2025-07-09-Terminsumladung_redacted_20250713_103004-1.pdf\" target=\"_blank\" rel=\"noreferrer noopener\">Termin zur m\u00fcndlichen Verhandlung<\/a> wurde erneut verlegt. Grund: Antrag des Klagevertreters (Anwalt Vermieter):<\/p>\n\n\n\n<p><strong>Neuer Termin:<\/strong><\/p>\n\n\n\n<p><strong><mark style=\"background-color:rgba(0, 0, 0, 0);color:#00d084\" class=\"has-inline-color\"><a href=\"https:\/\/www.justiz.bayern.de\/gerichte-und-behoerden\/amtsgerichte\/sonthofen\/\" target=\"_blank\" rel=\"noreferrer noopener\">Amtsgericht Sonthofen Mittwoch<\/a>, 01.10.2025 um 10:00 Uhr im Erdgeschoss, <\/mark><\/strong><br><strong><mark style=\"background-color:rgba(0, 0, 0, 0);color:#00d084\" class=\"has-inline-color\">Sitzungssaal 6 in <\/mark><\/strong><br><strong><mark style=\"background-color:rgba(0, 0, 0, 0);color:#00d084\" class=\"has-inline-color\">87527 Sonthofen<\/mark><\/strong><br><strong><mark style=\"background-color:rgba(0, 0, 0, 0);color:#00d084\" class=\"has-inline-color\">Prinz-Luitpod-Str. 2<\/mark><\/strong><\/p>\n\n\n\n<p>\ud83d\udfe1 <strong>Kommentar:<\/strong> In seiner Bitte um Terminsverlegung bittet der Anwalt des Vermieters auch darum, dass man ihm meine vollst\u00e4ndige <a href=\"https:\/\/mietrecht-eigenbedarfsk\u00fcndigung.de\/wp-content\/uploads\/2025\/06\/2025-06-21-sofortige-Beschwerde-gegen-PKH-Ablehnung-Anfechtung-Vergleich_redacted_20250629_144756.pdf\" data-type=\"attachment\" data-id=\"2359\">sofortige Beschwerde vom 21.06.2025<\/a> zusendet. Bislang seien ihm nur die ungeraden Seiten per beA (besonderes Anwaltspostfach &#8211; Dokumentenversand per eMail) zugesandt worden. Wird sicher ein Kopierfehler gewesen sein. Auff\u00e4llig dabei: einerseits spricht er mir in seiner Erwiderung vom 13.03.2025 zu meiner <a href=\"https:\/\/mietrecht-eigenbedarfsk\u00fcndigung.de\/wp-content\/uploads\/2025\/06\/2025-02-01-Anfechtung-Vergleich_redacted_20250629_134551.pdf\" data-type=\"attachment\" data-id=\"2354\">Anfechtung des R\u00e4umungsvergleichs<\/a> das Recht ab, den Vergleich \u00fcberhaupt anfechten zu k\u00f6nnen, Zitat: <em>&#8222;Ein Anfechtungsrecht besteht nicht.&#8220;<\/em>, andererseits will er aber schon genau wissen, was ich mache.<\/p>\n\n\n\n<p>Ganz so sicher scheint er sich seiner Sache wohl nicht mehr zu sein, was vielleicht daran liegt, dass <a href=\"https:\/\/mietrecht-eigenbedarfsk\u00fcndigung.de\/?page_id=1269\" data-type=\"page\" data-id=\"1269\">seine befreundete Richterin<\/a> inzwischen nicht mehr mit dem Fall befasst ist. Ich denke aber, man kann ihn hier beruhigen: Die jetzige Richterin f\u00fchrt das Verfahren <strong>ganz im Sinne ihrer Vorg\u00e4ngerin<\/strong> (und seinem und seines Mandanten Sinne) fort.<\/p>\n\n\n\n<hr class=\"wp-block-separator has-alpha-channel-opacity is-style-wide\"\/>\n\n\n\n<ul class=\"wp-block-list\"><\/ul>\n\n\n\n<p>\ud83d\udd25 <strong>27.06.2025<\/strong> &#8211; <strong>Zuf\u00e4lle gibt\u00b4s &#8230;<\/strong><\/p>\n\n\n\n<p>Was haben ein Staranwalt, ein Drogenfall und vergessliche Richter mit meinem Fall zu tun? Eigentlich nicht viel, und doch gibt es Ber\u00fchrungspunkte. Ein kleiner Blick hinter die Kulissen zeigt: In Bayern ist die Justiz manchmal kleiner, als man denkt \u2013 mit seltsamen Verflechtungen und merkw\u00fcrdigen Erinnerungsl\u00fccken. \ud83d\udc49 [<a href=\"https:\/\/mietrecht-eigenbedarfsk\u00fcndigung.de\/?page_id=2268\" target=\"_blank\" rel=\"noreferrer noopener\">Hier weiterlesen \u2026<\/a>]<\/p>\n\n\n\n<hr class=\"wp-block-separator has-alpha-channel-opacity is-style-wide\"\/>\n\n\n\n<p><strong>26.06.2025<\/strong> &#8211; Wie auf dem <a href=\"https:\/\/mietrecht-eigenbedarfsk\u00fcndigung.de\/?page_id=815\" data-type=\"page\" data-id=\"815\">Zeitstrahl <\/a>bereits kurz hingewiesen, habe ich am 21.06.25 eine sofortige Beschwerde gegen die Ablehnung meines PKH-Antrags, hinsichtlich meiner Anfechtung des R\u00e4umungsvergleichs vom 22.12.2021, beim AG eingeworfen. Darin habe ich beantragt, die hierzu f\u00fcr den 23.07.25 angesetzte m\u00fcndliche Verhandlung soweit in die Zukunft zu verlegen, dass zwischen Entscheidung \u00fcber die sofortige Beschwerde und der m\u00fcndlichen Verhandlung soviel Zeit liegt, dass ich mir noch \u00fcberlegen kann, die Anfechtung des Vergleichs u.U. doch noch zur\u00fcck zu nehmen, oder doch noch einen Anwalt finde, der mich vertritt.<\/p>\n\n\n\n<p>Daraufhin hat das AG heute mitgeteilt, dass der <a href=\"https:\/\/mietrecht-eigenbedarfsk\u00fcndigung.de\/wp-content\/uploads\/2025\/06\/2025-06-25-Terminsumladung-3-C-422-21_redacted_20250626_153409.pdf\" target=\"_blank\" rel=\"noreferrer noopener\">Termin zur m\u00fcndlichen Verhandlung<\/a> verschoben wurde:<\/p>\n\n\n\n<ul class=\"wp-block-list\">\n<li><strong>Neuer Termin:<\/strong><\/li>\n\n\n\n<li><strong><mark style=\"background-color:rgba(0, 0, 0, 0);color:#00d084\" class=\"has-inline-color\"><s><a href=\"https:\/\/www.justiz.bayern.de\/gerichte-und-behoerden\/amtsgerichte\/sonthofen\/\" target=\"_blank\" rel=\"noreferrer noopener\">Amtsgericht Sonthofen Mittwoch<\/a>, 24.09.2025 um 10:00 Uhr im Erdgeschoss, <\/s><\/mark><\/strong><br><strong><mark style=\"background-color:rgba(0, 0, 0, 0);color:#00d084\" class=\"has-inline-color\">Sitzungssaal 6 in <\/mark><\/strong><br><strong><mark style=\"background-color:rgba(0, 0, 0, 0);color:#00d084\" class=\"has-inline-color\">87527 Sonthofen<\/mark><\/strong><br><strong><mark style=\"background-color:rgba(0, 0, 0, 0);color:#00d084\" class=\"has-inline-color\">Prinz-Luitpod-Str. 2<\/mark><\/strong><\/li>\n<\/ul>\n\n\n\n<hr class=\"wp-block-separator has-alpha-channel-opacity is-style-wide\"\/>\n\n\n\n<p><strong>06.06.2025<\/strong> &#8211; Der f\u00fcr den 02.07.2025 bestimmte <strong>Termin zur m\u00fcndlichen Verhandlung<\/strong> wurde soeben verlegt.<\/p>\n\n\n\n<ul class=\"wp-block-list\">\n<li><strong>Neuer Termin:<\/strong><\/li>\n\n\n\n<li><strong><mark style=\"background-color:rgba(0, 0, 0, 0);color:#00d084\" class=\"has-inline-color\"><s><a href=\"https:\/\/www.justiz.bayern.de\/gerichte-und-behoerden\/amtsgerichte\/sonthofen\/\" target=\"_blank\" rel=\"noreferrer noopener\">Amtsgericht Sonthofen Mittwoch<\/a>, 23.07.2025 um 11:00 Uhr im Erdgeschoss<\/s>, <\/mark><\/strong><br><strong><mark style=\"background-color:rgba(0, 0, 0, 0);color:#00d084\" class=\"has-inline-color\">Sitzungssaal 6 in <\/mark><\/strong><br><strong><mark style=\"background-color:rgba(0, 0, 0, 0);color:#00d084\" class=\"has-inline-color\">87527 Sonthofen<\/mark><\/strong><br><strong><mark style=\"background-color:rgba(0, 0, 0, 0);color:#00d084\" class=\"has-inline-color\">Prinz-Luitpod-Str. 2<\/mark><\/strong><\/li>\n<\/ul>\n\n\n\n<hr class=\"wp-block-separator has-alpha-channel-opacity is-style-wide\"\/>\n\n\n\n<p><strong>28.05.2025<\/strong><\/p>\n\n\n\n<ul class=\"wp-block-list\">\n<li>Momentan fechte ich den R\u00e4umungsvergleich vom 22.12.2021 wegen arglistiger T\u00e4uschung nach <a href=\"https:\/\/www.gesetze-im-internet.de\/bgb\/__123.html\" target=\"_blank\" rel=\"noreferrer noopener\">\u00a7 123 Abs. 1 BGB<\/a> an. Das Amtsgericht Sonthofen hat den <strong>Termin zur m\u00fcndlichen Verhandlung<\/strong> auf den <br><br><strong><mark style=\"background-color:rgba(0, 0, 0, 0);color:#00d084\" class=\"has-inline-color\"><s>Mittwoch, 02.07.2025 um 11:00 Uhr<\/s> im Erdgeschoss, <\/mark><\/strong><br><strong><mark style=\"background-color:rgba(0, 0, 0, 0);color:#00d084\" class=\"has-inline-color\">Sitzungssaal 6 in <\/mark><\/strong><br><strong><mark style=\"background-color:rgba(0, 0, 0, 0);color:#00d084\" class=\"has-inline-color\">87527 Sonthofen<\/mark><\/strong><br><strong><mark style=\"background-color:rgba(0, 0, 0, 0);color:#00d084\" class=\"has-inline-color\">Prinz-Luitpod-Str. 2<\/mark><\/strong> <br><br>bestimmt. Falls jemand kommen m\u00f6chte, w\u00fcrde ich mich freuen.<br>Sollte sich an dem Termin etwas \u00e4ndern, werde ich es sofort hier bekannt geben.<\/li>\n<\/ul>\n\n\n\n<hr class=\"wp-block-separator has-alpha-channel-opacity is-style-wide\"\/>\n\n\n\n<p><strong>23.05.2025<\/strong><\/p>\n\n\n\n<ul class=\"wp-block-list\">\n<li><strong>ZDF Magazin Royal<\/strong> &#8211; Jan B\u00f6hmermann, der hier in die Rolle eines Immobilienhais geschl\u00fcpft ist, berichtet \u00fcber seine &#8222;Erfahrungen&#8220; zum Thema <a href=\"https:\/\/www.zdf.de\/play\/shows\/zdf-magazin-royale-102\/zdf-magazin-royale-vom-23-mai-2025-100\" target=\"_blank\" rel=\"noreferrer noopener\">Geldverdienen mit Immobilien und Eigenbedarfsk\u00fcndigung<\/a>. Meine Situation spiegelt sich recht \u00e4hnlich ab Minute 28.00.<\/li>\n<\/ul>\n\n\n\n<hr class=\"wp-block-separator has-alpha-channel-opacity is-style-wide\"\/>\n\n\n\n<p><strong>29.05.2024<\/strong><\/p>\n\n\n\n<ul class=\"wp-block-list\">\n<li>Hier ein, wie ich finde, sehr interessantes Urteil des Amtsgerichts <a href=\"https:\/\/urteile.news\/Amtsgericht-Hamburg-Bergedorf_412-Ds-2523_Strafbarkeit-des-Vermieters-wegen-Betrugs-durch-Unterlassen-aufgrund-unterlassener-Aufklaerung-ueber-Wegfall-des-Eigenbedarfs~N34615?utm_source=kostenlose-urteile.de\" target=\"_blank\" rel=\"noreferrer noopener\">Hamburg-Bergedorf Az. 412 Ds 25\/23<\/a> zur Frage, wie und bis wann der Vermieter verpflichtet ist, seinen wegen Eigenbedarf gek\u00fcndigten Mieter \u00fcber den nachtr\u00e4glichen Wegfall des Eigenbedarfs zu informieren: <br><strong>&#8222;Strafbarkeit des Vermieters wegen Betrugs durch Unterlassen aufgrund unterlassener Aufkl\u00e4rung \u00fcber Wegfall des Eigenbedarfs. Aufkl\u00e4\u00adrungs\u00adpflicht des Vermieters bis zur R\u00e4umung der Wohnung durch Mieter.&#8220; <\/strong><\/li>\n<\/ul>\n\n\n\n<hr class=\"wp-block-separator has-alpha-channel-opacity is-style-wide\"\/>\n\n\n\n<p><strong>30.01.2024<\/strong><\/p>\n\n\n\n<ul class=\"wp-block-list\">\n<li><strong>Eigenbedarfsk\u00fcndigung: Familie Weiser muss raus<\/strong> &#8211; <a href=\"https:\/\/www.ardmediathek.de\/video\/story\/eigenbedarfskuendigung-familie-weiser-muss-raus\/ard\/Y3JpZDovL2Rhc2Vyc3RlLmRlL2FyZC1zdG9yeS8yMDI0LTAxLTMwXzIyLTUwLU1FWg\" target=\"_blank\" rel=\"noreferrer noopener\">ARD Story zum Thema Eigenbedarfsk\u00fcndigung<\/a><br>&#8222;Monika Weiser und ihr Mann Thomas haben zwei Jahre lang um ihre Wohnung gek\u00e4mpft.&#8220; &#8230; und mussten am Ende doch ausziehen.<\/li>\n<\/ul>\n\n\n\n<div data-wp-interactive=\"core\/file\" class=\"wp-block-file\"><object data-wp-bind--hidden=\"!state.hasPdfPreview\" hidden class=\"wp-block-file__embed\" data=\"https:\/\/mietrecht-eigenbedarfsk\u00fcndigung.de\/wp-content\/uploads\/2025\/07\/2025-07-09-Terminsumladung_redacted_20250713_103004-1.pdf\" type=\"application\/pdf\" style=\"width:100%;height:600px\" aria-label=\"Einbettung von 2025 07 09 - Terminsumladung_redacted_20250713_103004.\"><\/object><a id=\"wp-block-file--media-1d73c136-1468-48d0-aed6-0dfa613dedf4\" href=\"https:\/\/mietrecht-eigenbedarfsk\u00fcndigung.de\/wp-content\/uploads\/2025\/07\/2025-07-09-Terminsumladung_redacted_20250713_103004-1.pdf\">2025 07 09 &#8211; Terminsumladung_redacted_20250713_103004<\/a><a href=\"https:\/\/mietrecht-eigenbedarfsk\u00fcndigung.de\/wp-content\/uploads\/2025\/07\/2025-07-09-Terminsumladung_redacted_20250713_103004-1.pdf\" class=\"wp-block-file__button wp-element-button\" aria-describedby=\"wp-block-file--media-1d73c136-1468-48d0-aed6-0dfa613dedf4\" download>Herunterladen<\/a><\/div>\n","protected":false},"excerpt":{"rendered":"<p>\ud83d\udd25 12.07.2025 &#8211; der Termin zur m\u00fcndlichen Verhandlung wurde erneut verlegt. Grund: Antrag des Klagevertreters (Anwalt Vermieter): Neuer Termin: Amtsgericht [&hellip;]<\/p>\n","protected":false},"author":1,"featured_media":0,"parent":0,"menu_order":0,"comment_status":"closed","ping_status":"closed","template":"","meta":{"site-sidebar-layout":"default","site-content-layout":"","ast-site-content-layout":"default","site-content-style":"default","site-sidebar-style":"default","ast-global-header-display":"","ast-banner-title-visibility":"","ast-main-header-display":"","ast-hfb-above-header-display":"","ast-hfb-below-header-display":"","ast-hfb-mobile-header-display":"","site-post-title":"","ast-breadcrumbs-content":"","ast-featured-img":"","footer-sml-layout":"","ast-disable-related-posts":"","theme-transparent-header-meta":"","adv-header-id-meta":"","stick-header-meta":"","header-above-stick-meta":"","header-main-stick-meta":"","header-below-stick-meta":"","astra-migrate-meta-layouts":"default","ast-page-background-enabled":"default","ast-page-background-meta":{"desktop":{"background-color":"var(--ast-global-color-5)","background-image":"","background-repeat":"repeat","background-position":"center center","background-size":"auto","background-attachment":"scroll","background-type":"","background-media":"","overlay-type":"","overlay-color":"","overlay-opacity":"","overlay-gradient":""},"tablet":{"background-color":"","background-image":"","background-repeat":"repeat","background-position":"center center","background-size":"auto","background-attachment":"scroll","background-type":"","background-media":"","overlay-type":"","overlay-color":"","overlay-opacity":"","overlay-gradient":""},"mobile":{"background-color":"","background-image":"","background-repeat":"repeat","background-position":"center center","background-size":"auto","background-attachment":"scroll","background-type":"","background-media":"","overlay-type":"","overlay-color":"","overlay-opacity":"","overlay-gradient":""}},"ast-content-background-meta":{"desktop":{"background-color":"var(--ast-global-color-4)","background-image":"","background-repeat":"repeat","background-position":"center center","background-size":"auto","background-attachment":"scroll","background-type":"","background-media":"","overlay-type":"","overlay-color":"","overlay-opacity":"","overlay-gradient":""},"tablet":{"background-color":"var(--ast-global-color-4)","background-image":"","background-repeat":"repeat","background-position":"center center","background-size":"auto","background-attachment":"scroll","background-type":"","background-media":"","overlay-type":"","overlay-color":"","overlay-opacity":"","overlay-gradient":""},"mobile":{"background-color":"var(--ast-global-color-4)","background-image":"","background-repeat":"repeat","background-position":"center center","background-size":"auto","background-attachment":"scroll","background-type":"","background-media":"","overlay-type":"","overlay-color":"","overlay-opacity":"","overlay-gradient":""}},"footnotes":""},"class_list":["post-1026","page","type-page","status-publish","hentry"],"_links":{"self":[{"href":"https:\/\/mietrecht-eigenbedarfsk\u00fcndigung.de\/index.php?rest_route=\/wp\/v2\/pages\/1026","targetHints":{"allow":["GET"]}}],"collection":[{"href":"https:\/\/mietrecht-eigenbedarfsk\u00fcndigung.de\/index.php?rest_route=\/wp\/v2\/pages"}],"about":[{"href":"https:\/\/mietrecht-eigenbedarfsk\u00fcndigung.de\/index.php?rest_route=\/wp\/v2\/types\/page"}],"author":[{"embeddable":true,"href":"https:\/\/mietrecht-eigenbedarfsk\u00fcndigung.de\/index.php?rest_route=\/wp\/v2\/users\/1"}],"replies":[{"embeddable":true,"href":"https:\/\/mietrecht-eigenbedarfsk\u00fcndigung.de\/index.php?rest_route=%2Fwp%2Fv2%2Fcomments&post=1026"}],"version-history":[{"count":37,"href":"https:\/\/mietrecht-eigenbedarfsk\u00fcndigung.de\/index.php?rest_route=\/wp\/v2\/pages\/1026\/revisions"}],"predecessor-version":[{"id":4106,"href":"https:\/\/mietrecht-eigenbedarfsk\u00fcndigung.de\/index.php?rest_route=\/wp\/v2\/pages\/1026\/revisions\/4106"}],"wp:attachment":[{"href":"https:\/\/mietrecht-eigenbedarfsk\u00fcndigung.de\/index.php?rest_route=%2Fwp%2Fv2%2Fmedia&parent=1026"}],"curies":[{"name":"wp","href":"https:\/\/api.w.org\/{rel}","templated":true}]}}