{"id":31,"date":"2025-05-02T13:46:49","date_gmt":"2025-05-02T11:46:49","guid":{"rendered":"http:\/\/svenkuhne.bplaced.net\/?page_id=31"},"modified":"2026-01-11T16:45:33","modified_gmt":"2026-01-11T15:45:33","slug":"der-fall","status":"publish","type":"page","link":"https:\/\/mietrecht-eigenbedarfsk\u00fcndigung.de\/?page_id=31","title":{"rendered":"Der Fall"},"content":{"rendered":"\n<h2 class=\"wp-block-heading\"><strong>Worum geht es?<\/strong><\/h2>\n\n\n\n<figure class=\"wp-block-image alignright size-full\"><img loading=\"lazy\" decoding=\"async\" width=\"299\" height=\"448\" src=\"https:\/\/mietrecht-eigenbedarfsk\u00fcndigung.de\/wp-content\/uploads\/2025\/09\/Mietrecht-haarstraeubend.png\" alt=\"\" class=\"wp-image-4137\" srcset=\"https:\/\/mietrecht-eigenbedarfsk\u00fcndigung.de\/wp-content\/uploads\/2025\/09\/Mietrecht-haarstraeubend.png 299w, https:\/\/mietrecht-eigenbedarfsk\u00fcndigung.de\/wp-content\/uploads\/2025\/09\/Mietrecht-haarstraeubend-200x300.png 200w\" sizes=\"auto, (max-width: 299px) 100vw, 299px\" \/><\/figure>\n\n\n\n<p>Diese Internetseite erz\u00e4hlt die haarstr\u00e4ubende Geschichte einer K\u00fcndigung wegen angeblichem Eigenbedarf \u2013 eine Geschichte, die zeigt, wie es m\u00f6glich ist, dass Mieter in Deutschland trotz unz\u00e4hliger Ungereimtheiten im Verhalten und den Darstellungen des Vermieters und seines Anwalts, vom System nicht gesch\u00fctzt werden. Mieterschutz: Fehlanzeige!<\/p>\n\n\n\n<p>Mein Vermieter und ich kannten uns seit 1991, das Mietverh\u00e4ltnis begann 2011 per Handschlag. Neun Jahre lang lief alles v\u00f6llig problemlos. Im Juli 2020 kam es zum Streit \u00fcber eine massiv ge\u00e4nderte Hausordnung. Nur einen Monat sp\u00e4ter flatterte mir die K\u00fcndigung ins Haus \u2013 angeblich, weil die Tochter des Vermieters die Wohnung pl\u00f6tzlich brauche.<\/p>\n\n\n\n<p>Das Problem: Einen tats\u00e4chlichen Bedarf f\u00fcr sie gab es nie. Selbst der Vermieter hatte mir kurz zuvor noch versichert, dass seine Tochter keinerlei Interesse an der Wohnung habe. Was sich auch daran zeigte, dass sie noch in der R\u00e4umungsfrist ihren Wohnsitz in \u00fcber 100 km Entfernung in einem anderen Bundesland nahm.<\/p>\n\n\n\n<p>Trotz klar aufgezeigter Widerspr\u00fcche wurde die K\u00fcndigung von den Gerichten mehr oder weniger durchgewunken. <\/p>\n\n\n\n<p>Wie unser Rechtssystem es zul\u00e4sst, dass Halb- und Unwahrheiten ungepr\u00fcft akzeptiert werden und der Vermieter letztlich doch bekommt was er will, k\u00f6nnt ihr hier nachlesen.<\/p>\n\n\n\n<p>Ich k\u00e4mpfe nun schon seit \u00fcber 5 Jahren (Stand 09\/2025), gegen das Unrecht, das hier geschen ist und laufe dabei immer und immer wieder gegen Mauern des Schweigens, der Ignoranz, von Kungelei und Willk\u00fcr. Trotzdem glaube ich &#8211; zumindest noch ein St\u00fcck weit &#8211; an den Rechtsstaat. Dieser Glaube gibt mir die Kraft weiter zu machen. <\/p>\n\n\n\n<p>Bis irgendwann vielleicht doch das erhoffte Wunder geschieht, mache ich den Fall hier \u00f6ffentlich.<\/p>\n\n\n\n<p class=\"has-text-align-left\">Um das Ganze m\u00f6glichst verst\u00e4ndlich r\u00fcber zu bringen, habe ich den Fall wie ein Theaterst\u00fcck in einzelne Akte zerlegt \u2013 von der K\u00fcndigung bis zu den aktuellen Gerichtsterminen, bzw. -entscheidungen. Ein Schauspiel, das eher einer Farce, denn einem sachlich-fairen Gerichtsverfahren gleicht. Wie bei den meisten Dramen gibt es nat\u00fcrlich auch hier eine <a href=\"https:\/\/mietrecht-eigenbedarfsk\u00fcndigung.de\/?page_id=34\" data-type=\"page\" data-id=\"34\">Vorgeschichte<\/a>.<\/p>\n\n\n\n<figure class=\"wp-block-image aligncenter size-full\"><img loading=\"lazy\" decoding=\"async\" width=\"640\" height=\"427\" src=\"https:\/\/mietrecht-eigenbedarfsk\u00fcndigung.de\/wp-content\/uploads\/2025\/05\/ChatGPT-Image-4.-Mai-2025-20_58_10.png\" alt=\"\" class=\"wp-image-147\" srcset=\"https:\/\/mietrecht-eigenbedarfsk\u00fcndigung.de\/wp-content\/uploads\/2025\/05\/ChatGPT-Image-4.-Mai-2025-20_58_10.png 640w, https:\/\/mietrecht-eigenbedarfsk\u00fcndigung.de\/wp-content\/uploads\/2025\/05\/ChatGPT-Image-4.-Mai-2025-20_58_10-300x200.png 300w\" sizes=\"auto, (max-width: 640px) 100vw, 640px\" \/><\/figure>\n\n\n\n<p><\/p>\n","protected":false},"excerpt":{"rendered":"<p>Worum geht es? Diese Internetseite erz\u00e4hlt die haarstr\u00e4ubende Geschichte einer K\u00fcndigung wegen angeblichem Eigenbedarf \u2013 eine Geschichte, die zeigt, wie [&hellip;]<\/p>\n","protected":false},"author":1,"featured_media":0,"parent":0,"menu_order":0,"comment_status":"open","ping_status":"closed","template":"","meta":{"site-sidebar-layout":"default","site-content-layout":"","ast-site-content-layout":"default","site-content-style":"default","site-sidebar-style":"default","ast-global-header-display":"","ast-banner-title-visibility":"","ast-main-header-display":"","ast-hfb-above-header-display":"","ast-hfb-below-header-display":"","ast-hfb-mobile-header-display":"","site-post-title":"","ast-breadcrumbs-content":"","ast-featured-img":"","footer-sml-layout":"","ast-disable-related-posts":"","theme-transparent-header-meta":"","adv-header-id-meta":"","stick-header-meta":"","header-above-stick-meta":"","header-main-stick-meta":"","header-below-stick-meta":"","astra-migrate-meta-layouts":"default","ast-page-background-enabled":"default","ast-page-background-meta":{"desktop":{"background-color":"var(--ast-global-color-5)","background-image":"","background-repeat":"repeat","background-position":"center center","background-size":"auto","background-attachment":"scroll","background-type":"","background-media":"","overlay-type":"","overlay-color":"","overlay-opacity":"","overlay-gradient":""},"tablet":{"background-color":"","background-image":"","background-repeat":"repeat","background-position":"center center","background-size":"auto","background-attachment":"scroll","background-type":"","background-media":"","overlay-type":"","overlay-color":"","overlay-opacity":"","overlay-gradient":""},"mobile":{"background-color":"","background-image":"","background-repeat":"repeat","background-position":"center center","background-size":"auto","background-attachment":"scroll","background-type":"","background-media":"","overlay-type":"","overlay-color":"","overlay-opacity":"","overlay-gradient":""}},"ast-content-background-meta":{"desktop":{"background-color":"var(--ast-global-color-4)","background-image":"","background-repeat":"repeat","background-position":"center center","background-size":"auto","background-attachment":"scroll","background-type":"","background-media":"","overlay-type":"","overlay-color":"","overlay-opacity":"","overlay-gradient":""},"tablet":{"background-color":"var(--ast-global-color-4)","background-image":"","background-repeat":"repeat","background-position":"center center","background-size":"auto","background-attachment":"scroll","background-type":"","background-media":"","overlay-type":"","overlay-color":"","overlay-opacity":"","overlay-gradient":""},"mobile":{"background-color":"var(--ast-global-color-4)","background-image":"","background-repeat":"repeat","background-position":"center center","background-size":"auto","background-attachment":"scroll","background-type":"","background-media":"","overlay-type":"","overlay-color":"","overlay-opacity":"","overlay-gradient":""}},"footnotes":""},"class_list":["post-31","page","type-page","status-publish","hentry"],"_links":{"self":[{"href":"https:\/\/mietrecht-eigenbedarfsk\u00fcndigung.de\/index.php?rest_route=\/wp\/v2\/pages\/31","targetHints":{"allow":["GET"]}}],"collection":[{"href":"https:\/\/mietrecht-eigenbedarfsk\u00fcndigung.de\/index.php?rest_route=\/wp\/v2\/pages"}],"about":[{"href":"https:\/\/mietrecht-eigenbedarfsk\u00fcndigung.de\/index.php?rest_route=\/wp\/v2\/types\/page"}],"author":[{"embeddable":true,"href":"https:\/\/mietrecht-eigenbedarfsk\u00fcndigung.de\/index.php?rest_route=\/wp\/v2\/users\/1"}],"replies":[{"embeddable":true,"href":"https:\/\/mietrecht-eigenbedarfsk\u00fcndigung.de\/index.php?rest_route=%2Fwp%2Fv2%2Fcomments&post=31"}],"version-history":[{"count":10,"href":"https:\/\/mietrecht-eigenbedarfsk\u00fcndigung.de\/index.php?rest_route=\/wp\/v2\/pages\/31\/revisions"}],"predecessor-version":[{"id":4141,"href":"https:\/\/mietrecht-eigenbedarfsk\u00fcndigung.de\/index.php?rest_route=\/wp\/v2\/pages\/31\/revisions\/4141"}],"wp:attachment":[{"href":"https:\/\/mietrecht-eigenbedarfsk\u00fcndigung.de\/index.php?rest_route=%2Fwp%2Fv2%2Fmedia&parent=31"}],"curies":[{"name":"wp","href":"https:\/\/api.w.org\/{rel}","templated":true}]}}