{"id":48,"date":"2025-05-02T14:03:39","date_gmt":"2025-05-02T12:03:39","guid":{"rendered":"http:\/\/svenkuhne.bplaced.net\/?page_id=48"},"modified":"2025-07-18T10:34:11","modified_gmt":"2025-07-18T08:34:11","slug":"gaestebuch","status":"publish","type":"page","link":"https:\/\/mietrecht-eigenbedarfsk\u00fcndigung.de\/?page_id=48","title":{"rendered":"G\u00e4stebuch"},"content":{"rendered":"\n<p><strong>Liebe Besucher meines G\u00e4stebuchs und dieser Internetseite,<\/strong><\/p>\n\n\n\n<p>ich freue mich, dass ihr hierher gefunden habt \u2013 und nat\u00fcrlich \u00fcber eure Kommentare, Gedanken, Anregungen oder auch Kritik.<\/p>\n\n\n\n<p>Bitte bleibt dabei fair und sachlich. Diese Seite behandelt pers\u00f6nliche und teils belastende Erfahrungen \u2013 daher ist mir ein respektvoller Umgangston besonders wichtig.<\/p>\n\n\n\n<p><strong>Beitr\u00e4ge, die beleidigend, verletzend, diskriminierend oder in anderer Weise unangemessen sind, werde ich ohne Diskussion l\u00f6schen.<\/strong><\/p>\n\n\n\n<p>Vielen Dank f\u00fcr euer Verst\u00e4ndnis. <\/p>\n\n\n\n<p>Danke auch f\u00fcr euren Besuch \u2013 und f\u00fcrs Lesen und Schreiben.<\/p>\n\n\n\n<p>Herzliche Gr\u00fc\u00dfe,<br>Sven<\/p>\n\n\n<div class=\"gwolle-gb\"><div class=\"gwolle-gb-messages-top-container\"><\/div>\n\t\t\t<div class=\"gwolle-gb-write-button\">\n\t\t\t\t<input type=\"button\" name=\"gwolle-gb-write-button\" class=\"button btn btn-default \" value=\"Neuen Eintrag schreiben\" aria-expanded=\"false\" \/>\n\t\t\t<\/div>\n\t\t\t<form action=\"#\" method=\"POST\" class=\"gwolle-gb-write gwolle-gb-hide gwolle-gb-float gwolle-gb-form-ajax gwolle-gb-ajax gwolle-gb-not-logged-in\">\n\t\t\t\t<h3>Einen neuen Eintrag f\u00fcr das G\u00e4stebuch schreiben<\/h3>\n\t\t\t\t<button type=\"button\" class=\"gb-notice-dismiss\">x<span class=\"screen-reader-text\">Dieses Formular ausblenden<\/span><\/button>\n\t\t\t\n\t\t\t\t<input type=\"hidden\" name=\"gwolle_gb_function\" class=\"gwolle_gb_function\" value=\"add_entry\" \/><input type=\"hidden\" name=\"gwolle_gb_book_id\" class=\"gwolle_gb_book_id\" value=\"1\" \/><div class=\"gwolle_gb_9a50f422e1cab6f4d396636bcb2f405d\">\n\t\t\t\t<div class=\"label\"><label for=\"gwolle_gb_9a50f422e1cab6f4d396636bcb2f405d-1\" class=\"text-info\">Name <span class=\"required\">*<\/span><\/label><\/div>\n\t\t\t\t<div class=\"input\"><input class=\"wp-exclude-emoji gwolle_gb_9a50f422e1cab6f4d396636bcb2f405d\" value=\"\" type=\"text\" id=\"gwolle_gb_9a50f422e1cab6f4d396636bcb2f405d-1\" name=\"gwolle_gb_9a50f422e1cab6f4d396636bcb2f405d\" required \/><\/div>\n\t\t\t\t<div class=\"clearBoth\">&nbsp;<\/div>\n\t\t\t<\/div><div class=\"gwolle_gb_a29665a3a13251969019f89ce7beda85\">\n\t\t\t\t\t<div class=\"label\"><label for=\"gwolle_gb_a29665a3a13251969019f89ce7beda85-1\" class=\"text-info\">Stadt<\/label><\/div>\n\t\t\t\t\t<div class=\"input\"><input class=\"wp-exclude-emoji gwolle_gb_a29665a3a13251969019f89ce7beda85\" value=\"\" type=\"text\" id=\"gwolle_gb_a29665a3a13251969019f89ce7beda85-1\" name=\"gwolle_gb_a29665a3a13251969019f89ce7beda85\" \/><\/div>\n\t\t\t\t\t<div class=\"clearBoth\">&nbsp;<\/div>\n\t\t\t\t<\/div><div class=\"gwolle_gb_2c06638e9acdb4846884a6240614ef57\">\n\t\t\t\t<div class=\"label\"><label for=\"gwolle_gb_2c06638e9acdb4846884a6240614ef57-1\" class=\"text-info\">E-Mail <span class=\"required\">*<\/span><\/label><\/div>\n\t\t\t\t<div class=\"input\"><input class=\"gwolle_gb_2c06638e9acdb4846884a6240614ef57\" value=\"\" type=\"email\" id=\"gwolle_gb_2c06638e9acdb4846884a6240614ef57-1\" name=\"gwolle_gb_2c06638e9acdb4846884a6240614ef57\" required \/><\/div>\n\t\t\t\t<div class=\"clearBoth\">&nbsp;<\/div>\n\t\t\t<\/div><div class=\"gwolle_gb_fba9fe359353655c9f7340897814c024\">\n\t\t\t\t<div class=\"label\"><label for=\"gwolle_gb_fba9fe359353655c9f7340897814c024-1\" class=\"text-info\">Website<\/label><\/div>\n\t\t\t\t<div class=\"input\"><input class=\"gwolle_gb_fba9fe359353655c9f7340897814c024\" value=\"\" type=\"url\" id=\"gwolle_gb_fba9fe359353655c9f7340897814c024-1\" name=\"gwolle_gb_fba9fe359353655c9f7340897814c024\" \/><\/div>\n\t\t\t\t<div class=\"clearBoth\">&nbsp;<\/div>\n\t\t\t<\/div>\n\t\t\t<div class=\"gwolle_gb_c42c5bc0ab2712a34c2fb61436f843d2\" style=\"display:none;overflow:hidden;\" hidden=\"true\" aria-hidden=\"true\">\n\t\t\t\t<div class=\"label\">\n\t\t\t\t\t<label for=\"gwolle_gb_c42c5bc0ab2712a34c2fb61436f843d2-1\" class=\"text-primary\">Hier nichts eingeben<\/label>\n\t\t\t\t\t<label for=\"gwolle_gb_f92a108a20b5300a93c76a0f1a004420-1\" class=\"text-primary\">Hier nichts eingeben<\/label>\n\t\t\t\t<\/div>\n\t\t\t\t<div class=\"input\">\n\t\t\t\t\t<input value=\"44\" type=\"text\" id=\"gwolle_gb_c42c5bc0ab2712a34c2fb61436f843d2-1\" name=\"gwolle_gb_c42c5bc0ab2712a34c2fb61436f843d2\" class=\"gwolle_gb_c42c5bc0ab2712a34c2fb61436f843d2\" style=\"transform: translateY(10000px);\" \/>\n\t\t\t\t\t<input value=\"\" type=\"text\" name=\"gwolle_gb_f92a108a20b5300a93c76a0f1a004420\" id=\"gwolle_gb_f92a108a20b5300a93c76a0f1a004420-1\" class=\"gwolle_gb_f92a108a20b5300a93c76a0f1a004420\" style=\"transform: translateY(10000px);\" \/>\n\t\t\t\t<\/div>\n\t\t\t\t<div class=\"clearBoth\"><\/div>\n\t\t\t<\/div>\n\t\t\t<div class=\"gwolle_gb_e17dccfc263727758adad61a14e9d962\" style=\"display:none;overflow:hidden;\" hidden=\"true\" aria-hidden=\"true\">\n\t\t\t\t<div class=\"label\">\n\t\t\t\t\t<label for=\"gwolle_gb_e17dccfc263727758adad61a14e9d962-1\" class=\"text-primary\">Hier nichts eingeben<\/label>\n\t\t\t\t\t<label for=\"gwolle_gb_0155973ec26264f81ef77149a2fc8808-1\" class=\"text-primary\">Hier nichts eingeben<\/label>\n\t\t\t\t<\/div>\n\t\t\t\t<div class=\"input\">\n\t\t\t\t\t<input value=\"2282\" type=\"text\" id=\"gwolle_gb_e17dccfc263727758adad61a14e9d962-1\" name=\"gwolle_gb_e17dccfc263727758adad61a14e9d962\" class=\"gwolle_gb_e17dccfc263727758adad61a14e9d962\" style=\"transform: translateY(10000px);\" \/>\n\t\t\t\t\t<input value=\"2282\" type=\"text\"id=\"gwolle_gb_0155973ec26264f81ef77149a2fc8808-1\" name=\"gwolle_gb_0155973ec26264f81ef77149a2fc8808\" class=\"gwolle_gb_0155973ec26264f81ef77149a2fc8808\" style=\"transform: translateY(10000px);\" \/>\n\t\t\t\t<\/div>\n\t\t\t\t<div class=\"clearBoth\"><\/div>\n\t\t\t<\/div><div class=\"gwolle_gb_content\">\n\t\t\t\t<div class=\"label\"><label for=\"gwolle_gb_content-1\" class=\"text-info\">G\u00e4stebucheintrag <span class=\"required\">*<\/span><\/label><\/div>\n\t\t\t\t<div class=\"input\"><textarea id=\"gwolle_gb_content-1\" name=\"gwolle_gb_content\" class=\"gwolle_gb_content wp-exclude-emoji\" required ><\/textarea><\/div>\n\t\t\t\t\t<div class=\"clearBoth\">&nbsp;<\/div>\n\t\t\t\t<\/div><input type=\"hidden\" class=\"gwolle_gb_45daa323c5a78cdb947c28595a428064\" id=\"gwolle_gb_45daa323c5a78cdb947c28595a428064-1\" name=\"gwolle_gb_45daa323c5a78cdb947c28595a428064\" value=\"97a5c33a83\" \/>\n\t\t\t<div class=\"gwolle-gb-messages-bottom-container\"><\/div>\n\n\t\t\t<noscript><div class=\"no-js\">Warnung: Dieses Formular kann nur verwendet werden, wenn in deinem Browser JavaScript aktiviert ist.<\/div><\/noscript>\n\n\t\t\t<div class=\"gwolle_gb_submit gwolle-gb-submit\">\n\t\t\t\t<div class=\"label gwolle-gb-invisible text-muted\">&nbsp;<\/div>\n\t\t\t\t<div class=\"input\">\n\t\t\t\t\t<input type=\"submit\" name=\"gwolle_gb_submit\" class=\"gwolle_gb_submit button btn btn-primary \" value=\"Absenden\" \/>\n\t\t\t\t\t<span class=\"gwolle_gb_submit_ajax_icon gwolle-gb-submit-ajax-icon\"><\/span>\n\t\t\t\n\t\t\t\t<\/div>\n\t\t\t\t<div class=\"clearBoth\">&nbsp;<\/div>\n\t\t\t<\/div>\n\n\t\t\t<div class=\"gwolle_gb_notice gwolle-gb-notice\">\n\t\t\t\t<br \/>\nMit * gekennzeichnete Felder sind erforderlich.<br \/>\nDeine E-Mail-Adresse wird nicht ver\u00f6ffentlicht.<br \/>\nEs ist m\u00f6glich, dass dein Eintrag im G\u00e4stebuch erst sichtbar ist, nachdem wir ihn \u00fcberpr\u00fcft haben.<br \/>\nWir behalten uns vor, Eintr\u00e4ge zu bearbeiten, zu l\u00f6schen oder nicht zu ver\u00f6ffentlichen.<br \/>\n\n\t\t\t<\/div><\/form><div class=\"gwolle-gb-read gwolle-gb-ajax gwolle-gb-entries-list\" data-book_id=\"1\" data-page_id=\"1\">\n\t\t<div id=\"gwolle-gb-total\" class=\"gwolle-gb-total\">2 Eintr\u00e4ge<\/div><!-- Gwolle-GB Entry: Default Template Loaded -->\n\t\t\t\t<div class=\"gb-entry gb-entry_3 gb-entry-count_1 gwolle-gb-uneven gwolle-gb-first\" id=\"gb-entry_3\" data-entry_id=\"3\">\n\t\t\t\t<article>\n\t\t\t\t\t<div class=\"gb-author-info\">\n\t\t\t\t\t\t<span class=\"gb-author-name\">Michael Niemann\n\t\t\t\t\t\t<\/span>\n\t\t\t\t\t\t<span class=\"gb-author-origin\">\n\t\t\t\t\t\t\t<span class=\"gb-author-origin-from-text\"> aus<\/span>\n\t\t\t\t\t\t\t<span class=\"gb-author-origin-text\"> 31832 Springe<\/span>\n\t\t\t\t\t\t<\/span>\n\t\t\t\t\t\t<span class=\"gb-datetime\">\n\t\t\t\t\t\t\t<span class=\"gb-date\"><span class=\"gb-date-wrote-text\"> schrieb am<\/span><span class=\"gb-date-text\"> 19. Dezember 2025<\/span>\n\t\t\t\t\t\t\t<\/span><span class=\"gb-time\">\n\t\t\t\t\t\t\t\t\t<span class=\"gb-time-at-text\"> um<\/span>\n\t\t\t\t\t\t\t\t\t<span class=\"gb-time-text\"> 11:42<\/span>\n\t\t\t\t\t\t\t\t<\/span>\n\t\t\t\t\t\t<\/span> \n\t\t\t\t\t<\/div>\n\t\t\t\t\t<div class=\"gb-entry-content\">Guten Tag Sven, ein riesengro\u00dfes Lob f\u00fcr deine fantastischen krerierten Web Seiten. Um soetwas auf die Beine zu stellen, davon bin ich meilenweit entfernt. Ich bin eben mehr der &#034;Schrauber&#034; lieben Gru\u00df, Erfolg und Gesunfheit. Michael\n\t\t\t\t\t<\/div>\n\t\t\t\t\t<div class=\"gb-entry-admin_reply\">\n\t\t\t\t\t\t<div class=\"gb-admin-reply-uid\">\n\t\t\t\t\t\t\t<em>Administrator-Antwort von: svenkuhne_ich<\/em>\n\t\t\t\t\t\t<\/div> \n\t\t\t\t\t\t<div class=\"gb-admin-reply-content\">\n\t\t\t\t\t\tDanke Michael f\u00fcr\u00b4s Kompli. Ja, da steckt schon viel Zeit und auch Nerven drin. Aber der Frust sitzt so tief, \u00fcber das was da jeweils gealufen ist, dass ich das wenigstens \u00f6ffentlich machen will, auch wenn mir klar ist, dass es (au\u00dfer vielleicht zus\u00e4tzlicher \u00c4rger) sicher nix bringen wird.\r\n\r\nTrotzdem Danke f\u00fcr Deinen Beitrag und Frohe Weihnachten. \ud83c\udf84\r\nLG,\r\nSven\n\t\t\t\t\t\t<\/div>\n\t\t\t\t\t<\/div>\n\t\t\t\t<\/article>\n\t\t\t<\/div>\n\t\t\t<div class=\"gb-entry gb-entry_2 gb-entry-count_2 gwolle-gb-even\" id=\"gb-entry_2\" data-entry_id=\"2\">\n\t\t\t\t<article>\n\t\t\t\t\t<div class=\"gb-author-info\">\n\t\t\t\t\t\t<span class=\"gb-author-name\"><i class=\"gb-moderator\">Sven<\/i>\n\t\t\t\t\t\t<\/span>\n\t\t\t\t\t\t<span class=\"gb-datetime\">\n\t\t\t\t\t\t\t<span class=\"gb-date\"><span class=\"gb-date-wrote-text\"> schrieb am<\/span><span class=\"gb-date-text\"> 19. Juni 2025<\/span>\n\t\t\t\t\t\t\t<\/span><span class=\"gb-time\">\n\t\t\t\t\t\t\t\t\t<span class=\"gb-time-at-text\"> um<\/span>\n\t\t\t\t\t\t\t\t\t<span class=\"gb-time-text\"> 10:47<\/span>\n\t\t\t\t\t\t\t\t<\/span>\n\t\t\t\t\t\t<\/span> \n\t\t\t\t\t<\/div>\n\t\t\t\t\t<div class=\"gb-entry-content\">Ich freue mich, hier meine Erfahrungen und Gedanken zu teilen. Diese Seite ist f\u00fcr alle, die sich mit dem Thema Mietrecht und Eigenbedarfsk\u00fcndigung besch\u00e4ftigen. Eure Meinung und Eure Geschichten interessieren mich sehr \u2013 gemeinsam sind wir st\u00e4rker!\nIch bin gespannt auf den Austausch und lade Euch herzlich ein, hier Eure Gedanken zu hinterlassen.\n\nHerzliche Gr\u00fc\u00dfe\nSven\n\t\t\t\t\t<\/div>\n\t\t\t\t<\/article>\n\t\t\t<\/div>\n\t\t\t<\/div><\/div>\n\n\n\n<p><\/p>\n","protected":false},"excerpt":{"rendered":"<p>Liebe Besucher meines G\u00e4stebuchs und dieser Internetseite, ich freue mich, dass ihr hierher gefunden habt \u2013 und nat\u00fcrlich \u00fcber eure [&hellip;]<\/p>\n","protected":false},"author":1,"featured_media":0,"parent":0,"menu_order":0,"comment_status":"closed","ping_status":"closed","template":"","meta":{"site-sidebar-layout":"default","site-content-layout":"","ast-site-content-layout":"default","site-content-style":"default","site-sidebar-style":"default","ast-global-header-display":"","ast-banner-title-visibility":"","ast-main-header-display":"","ast-hfb-above-header-display":"","ast-hfb-below-header-display":"","ast-hfb-mobile-header-display":"","site-post-title":"","ast-breadcrumbs-content":"","ast-featured-img":"","footer-sml-layout":"","ast-disable-related-posts":"","theme-transparent-header-meta":"","adv-header-id-meta":"","stick-header-meta":"","header-above-stick-meta":"","header-main-stick-meta":"","header-below-stick-meta":"","astra-migrate-meta-layouts":"default","ast-page-background-enabled":"default","ast-page-background-meta":{"desktop":{"background-color":"var(--ast-global-color-5)","background-image":"","background-repeat":"repeat","background-position":"center center","background-size":"auto","background-attachment":"scroll","background-type":"","background-media":"","overlay-type":"","overlay-color":"","overlay-opacity":"","overlay-gradient":""},"tablet":{"background-color":"","background-image":"","background-repeat":"repeat","background-position":"center center","background-size":"auto","background-attachment":"scroll","background-type":"","background-media":"","overlay-type":"","overlay-color":"","overlay-opacity":"","overlay-gradient":""},"mobile":{"background-color":"","background-image":"","background-repeat":"repeat","background-position":"center center","background-size":"auto","background-attachment":"scroll","background-type":"","background-media":"","overlay-type":"","overlay-color":"","overlay-opacity":"","overlay-gradient":""}},"ast-content-background-meta":{"desktop":{"background-color":"var(--ast-global-color-4)","background-image":"","background-repeat":"repeat","background-position":"center center","background-size":"auto","background-attachment":"scroll","background-type":"","background-media":"","overlay-type":"","overlay-color":"","overlay-opacity":"","overlay-gradient":""},"tablet":{"background-color":"var(--ast-global-color-4)","background-image":"","background-repeat":"repeat","background-position":"center center","background-size":"auto","background-attachment":"scroll","background-type":"","background-media":"","overlay-type":"","overlay-color":"","overlay-opacity":"","overlay-gradient":""},"mobile":{"background-color":"var(--ast-global-color-4)","background-image":"","background-repeat":"repeat","background-position":"center center","background-size":"auto","background-attachment":"scroll","background-type":"","background-media":"","overlay-type":"","overlay-color":"","overlay-opacity":"","overlay-gradient":""}},"footnotes":""},"class_list":["post-48","page","type-page","status-publish","hentry"],"_links":{"self":[{"href":"https:\/\/mietrecht-eigenbedarfsk\u00fcndigung.de\/index.php?rest_route=\/wp\/v2\/pages\/48","targetHints":{"allow":["GET"]}}],"collection":[{"href":"https:\/\/mietrecht-eigenbedarfsk\u00fcndigung.de\/index.php?rest_route=\/wp\/v2\/pages"}],"about":[{"href":"https:\/\/mietrecht-eigenbedarfsk\u00fcndigung.de\/index.php?rest_route=\/wp\/v2\/types\/page"}],"author":[{"embeddable":true,"href":"https:\/\/mietrecht-eigenbedarfsk\u00fcndigung.de\/index.php?rest_route=\/wp\/v2\/users\/1"}],"replies":[{"embeddable":true,"href":"https:\/\/mietrecht-eigenbedarfsk\u00fcndigung.de\/index.php?rest_route=%2Fwp%2Fv2%2Fcomments&post=48"}],"version-history":[{"count":7,"href":"https:\/\/mietrecht-eigenbedarfsk\u00fcndigung.de\/index.php?rest_route=\/wp\/v2\/pages\/48\/revisions"}],"predecessor-version":[{"id":2990,"href":"https:\/\/mietrecht-eigenbedarfsk\u00fcndigung.de\/index.php?rest_route=\/wp\/v2\/pages\/48\/revisions\/2990"}],"wp:attachment":[{"href":"https:\/\/mietrecht-eigenbedarfsk\u00fcndigung.de\/index.php?rest_route=%2Fwp%2Fv2%2Fmedia&parent=48"}],"curies":[{"name":"wp","href":"https:\/\/api.w.org\/{rel}","templated":true}]}}